{"id":24,"date":"2018-03-27T08:16:57","date_gmt":"2018-03-27T08:16:57","guid":{"rendered":"https:\/\/plethorathemes.com\/hotel-xenia\/city-hotel\/?page_id=24"},"modified":"2021-12-02T16:01:28","modified_gmt":"2021-12-02T15:01:28","slug":"pets","status":"publish","type":"page","link":"https:\/\/villa.anser.pl\/?page_id=24","title":{"rendered":"Zwierzaki"},"content":{"rendered":"[vc_row full_width=&#8221;stretch_row_content_no_spaces&#8221; content_placement=&#8221;middle&#8221; row_padding_top=&#8221;padding_top_none&#8221; row_padding_bottom=&#8221;padding_bottom_none&#8221;][vc_column width=&#8221;1\/2&#8243; offset=&#8221;vc_col-lg-8 vc_col-md-7&#8243; css=&#8221;.vc_custom_1524062920291{background-image: url(http:\/\/villa.anser.pl\/wp-content\/uploads\/2018\/04\/0015_pet-1-1.jpg?id=244) !important;background-position: center !important;background-repeat: no-repeat !important;background-size: cover !important;}&#8221;][vc_empty_space height=&#8221;300px&#8221;][vc_empty_space height=&#8221;200px&#8221; el_class=&#8221;hidden-xs hidden-sm hidden-md&#8221;][vc_empty_space height=&#8221;100px&#8221; el_class=&#8221;hidden-xs&#8221;][vc_empty_space height=&#8221;100px&#8221; el_class=&#8221;hidden-xs hidden-sm&#8221;][\/vc_column][vc_column width=&#8221;1\/2&#8243; color_set=&#8221;white_section&#8221; align=&#8221;text-left&#8221; boxed=&#8221;boxed_plus&#8221; el_class=&#8221;col-md-pull-1&#8243; offset=&#8221;vc_col-lg-4 vc_col-md-5&#8243;]<div class=\"heading_group_sc wpb_content_element subtitle_top    text-left\">\n\n        <span class=\"subtitle\">To nie problem<\/span>\n\n    <h4>Miska zosta\u0142a w domu? Pomo\u017cemy!<\/h4>\n\n\n\n<\/div>[\/vc_column][\/vc_row]<\/p>\n\r\n\r\n<p>[vc_row full_width=&#8221;stretch_row_content_no_spaces&#8221; content_placement=&#8221;middle&#8221; row_padding_top=&#8221;padding_top_none&#8221; row_padding_bottom=&#8221;padding_bottom_none&#8221;][vc_column width=&#8221;1\/2&#8243; offset=&#8221;vc_col-lg-8 vc_col-md-7&#8243; css=&#8221;.vc_custom_1524063082328{background-image: url(http:\/\/villa.anser.pl\/wp-content\/uploads\/2018\/04\/0013_pet-3-1.jpg?id=245) !important;background-position: center !important;background-repeat: no-repeat !important;background-size: cover !important;}&#8221; el_class=&#8221;col-sm-push-6 col-md-push-5 col-lg-push-4&#8243;][vc_empty_space height=&#8221;300px&#8221;][vc_empty_space height=&#8221;200px&#8221; el_class=&#8221;hidden-xs hidden-sm hidden-md&#8221;][vc_empty_space height=&#8221;100px&#8221; el_class=&#8221;hidden-xs&#8221;][vc_empty_space height=&#8221;100px&#8221; el_class=&#8221;hidden-xs hidden-sm&#8221;][\/vc_column][vc_column width=&#8221;1\/2&#8243; color_set=&#8221;white_section&#8221; align=&#8221;text-left&#8221; boxed=&#8221;boxed_plus&#8221; el_class=&#8221;col-sm-pull-6 col-md-pull-6 col-lg-pull-7&#8243; offset=&#8221;vc_col-lg-4 vc_col-md-5&#8243;]<div class=\"heading_group_sc wpb_content_element subtitle_top    text-left\">\n\n        <span class=\"subtitle\">Wszyscy - albo nikt!<\/span>\n\n    <h4>Wasz pupil nie b\u0119dzie ju\u017c t\u0119skni\u0142 za Wami<\/h4>\n\n\n\n<\/div>[\/vc_column][\/vc_row]<\/p>\n\r\n\r\n<p>[vc_row full_width=&#8221;stretch_row_content_no_spaces&#8221; content_placement=&#8221;middle&#8221; row_padding_top=&#8221;padding_top_none&#8221; row_padding_bottom=&#8221;padding_bottom_none&#8221;][vc_column width=&#8221;1\/2&#8243; offset=&#8221;vc_col-lg-8 vc_col-md-7&#8243; css=&#8221;.vc_custom_1524063104926{background-image: url(http:\/\/villa.anser.pl\/wp-content\/uploads\/2018\/04\/0014_pet-2-1.jpg?id=247) !important;background-position: center !important;background-repeat: no-repeat !important;background-size: cover !important;}&#8221;][vc_empty_space height=&#8221;300px&#8221;][vc_empty_space height=&#8221;200px&#8221; el_class=&#8221;hidden-xs hidden-sm hidden-md&#8221;][vc_empty_space height=&#8221;100px&#8221; el_class=&#8221;hidden-xs&#8221;][vc_empty_space height=&#8221;100px&#8221; el_class=&#8221;hidden-xs hidden-sm&#8221;][\/vc_column][vc_column width=&#8221;1\/2&#8243; color_set=&#8221;white_section&#8221; align=&#8221;text-left&#8221; boxed=&#8221;boxed_plus&#8221; el_class=&#8221;col-md-pull-1&#8243; offset=&#8221;vc_col-lg-4 vc_col-md-5&#8243;]<div class=\"heading_group_sc wpb_content_element subtitle_top    text-left\">\n\n        <span class=\"subtitle\">Ty i Tw\u00f3j zwierzak<\/span>\n\n    <h4>Razem b\u0119dziecie cieszyli si\u0119 z podr\u00f3\u017cy<\/h4>\n\n\n\n<\/div>[\/vc_column][\/vc_row]","protected":false},"excerpt":{"rendered":"[vc_row full_width=\"stretch_row_content_no_spaces\" content_placement=\"middle\" row_padding_top=\"padding_top_none\" row_padding_bottom=\"padding_bottom_none\"][vc_column width=\"1\/2\" offset=\"vc_col-lg-8 vc_col-md-7\" css=\".vc_custom_1524062920291{background-image: url(http:\/\/villa.anser.pl\/wp-content\/uploads\/2018\/04\/0015_pet-1-1.jpg?id=244) !important;background-position: center !important;background-repeat: no-repeat !important;background-size: cover !important;}\"][vc_empty_space height=\"300px\"][vc_empty_space height=\"200px\" el_class=\"hidden-xs hidden-sm hidden-md\"][vc_empty_space height=\"100px\" el_class=\"hidden-xs\"][vc_empty_space height=\"100px\" el_class=\"hidden-xs hidden-sm\"][\/vc_column][vc_column width=\"1\/2\" color_set=\"white_section\" align=\"text-left\" boxed=\"boxed_plus\" el_class=\"col-md-pull-1\" offset=\"vc_col-lg-4 vc_col-md-5\"] To nie problem Miska zosta\u0142a w domu? Pomo\u017cemy! [\/vc_column][\/vc_row] [vc_row full_width=\"stretch_row_content_no_spaces\" content_placement=\"middle\" row_padding_top=\"padding_top_none\" row_padding_bottom=\"padding_bottom_none\"][vc_column width=\"1\/2\" offset=\"vc_col-lg-8 vc_col-md-7\" css=\".vc_custom_1524063082328{background-image: url(http:\/\/villa.anser.pl\/wp-content\/uploads\/2018\/04\/0013_pet-3-1.jpg?id=245) !important;background-position: center [...]","protected":false},"author":1,"featured_media":1926,"parent":0,"menu_order":0,"comment_status":"closed","ping_status":"closed","template":"","meta":{"footnotes":""},"class_list":["post-24","page","type-page","status-publish","has-post-thumbnail","hentry"],"_links":{"self":[{"href":"https:\/\/villa.anser.pl\/index.php?rest_route=\/wp\/v2\/pages\/24","targetHints":{"allow":["GET"]}}],"collection":[{"href":"https:\/\/villa.anser.pl\/index.php?rest_route=\/wp\/v2\/pages"}],"about":[{"href":"https:\/\/villa.anser.pl\/index.php?rest_route=\/wp\/v2\/types\/page"}],"author":[{"embeddable":true,"href":"https:\/\/villa.anser.pl\/index.php?rest_route=\/wp\/v2\/users\/1"}],"replies":[{"embeddable":true,"href":"https:\/\/villa.anser.pl\/index.php?rest_route=%2Fwp%2Fv2%2Fcomments&post=24"}],"version-history":[{"count":10,"href":"https:\/\/villa.anser.pl\/index.php?rest_route=\/wp\/v2\/pages\/24\/revisions"}],"predecessor-version":[{"id":2088,"href":"https:\/\/villa.anser.pl\/index.php?rest_route=\/wp\/v2\/pages\/24\/revisions\/2088"}],"wp:featuredmedia":[{"embeddable":true,"href":"https:\/\/villa.anser.pl\/index.php?rest_route=\/wp\/v2\/media\/1926"}],"wp:attachment":[{"href":"https:\/\/villa.anser.pl\/index.php?rest_route=%2Fwp%2Fv2%2Fmedia&parent=24"}],"curies":[{"name":"wp","href":"https:\/\/api.w.org\/{rel}","templated":true}]}}