{"id":16,"date":"2018-03-27T08:10:51","date_gmt":"2018-03-27T08:10:51","guid":{"rendered":"https:\/\/plethorathemes.com\/hotel-xenia\/city-hotel\/?page_id=16"},"modified":"2024-02-08T09:56:32","modified_gmt":"2024-02-08T08:56:32","slug":"contact-2","status":"publish","type":"page","link":"https:\/\/villa.anser.pl\/?page_id=16","title":{"rendered":"Contact"},"content":{"rendered":"[vc_row][vc_column width=&#8221;1\/3&#8243;]<!-- ========================== TEASER BOX ==========================-->\n\n<div class=\"teaser_box wpb_content_element  vertical text-center     \">\n\n\n\n\n        \n\n\n\n\n  <div class=\"content \">\n    \n    <div class=\"hgroup textify_links\"><h4>Parking<\/h4><\/div>\n\n     <div class=\"desc\"><p>Zapewniamy darmowy parking dla go\u015bci.<\/p><\/div> \n\n  <\/div>\n\n<\/div>\n\n<!-- END======================= TEASER BOX ==========================-->[\/vc_column][vc_column width=&#8221;1\/3&#8243;]<!-- ========================== TEASER BOX ==========================-->\n\n<div class=\"teaser_box wpb_content_element  vertical text-center     \">\n\n\n\n\n        \n\n\n\n\n  <div class=\"content \">\n    \n    <div class=\"hgroup textify_links\"><h4>Telefon<\/h4><\/div>\n\n     <div class=\"desc\"><p>Ch\u0119tnie odpowiemy na Pa\u0144stwa pytania.<br \/>\ntel. +48 664422339<\/p><\/div> \n\n  <\/div>\n\n<\/div>\n\n<!-- END======================= TEASER BOX ==========================-->[\/vc_column][vc_column width=&#8221;1\/3&#8243;]<!-- ========================== TEASER BOX ==========================-->\n\n<div class=\"teaser_box wpb_content_element  vertical text-center     \">\n\n\n\n\n        \n\n\n\n\n  <div class=\"content \">\n    \n    <div class=\"hgroup textify_links\"><h4>E-mail<\/h4><\/div>\n\n     <div class=\"desc\"><p>Piszcie do nas!<br \/>\nbiuro@villa.anser.pl<\/p><\/div> \n\n  <\/div>\n\n<\/div>\n\n<!-- END======================= TEASER BOX ==========================-->[\/vc_column][vc_column][vc_column_text]<\/p>\n<p style=\"text-align: center;\">Wizyt\u00f3wk\u0119 naszej willi mo\u017cna znale\u017a\u0107 na <a href=\"https:\/\/meteor-turystyka.pl\/\">portalu noclegowym Meteor<\/a>.<\/p>\n<p>[\/vc_column_text][\/vc_column][vc_column][vc_separator color=&#8221;custom&#8221;]\n<div class=\"wpcf7 no-js\" id=\"wpcf7-f902-o1\" lang=\"en-US\" dir=\"ltr\">\n<div class=\"screen-reader-response\"><p role=\"status\" aria-live=\"polite\" aria-atomic=\"true\"><\/p> <ul><\/ul><\/div>\n<form action=\"\/index.php?rest_route=%2Fwp%2Fv2%2Fpages%2F16#wpcf7-f902-o1\" method=\"post\" class=\"wpcf7-form init demo\" aria-label=\"Contact form\" novalidate=\"novalidate\" data-status=\"init\">\n<div style=\"display: none;\">\n<input type=\"hidden\" name=\"_wpcf7\" value=\"902\" \/>\n<input type=\"hidden\" name=\"_wpcf7_version\" value=\"5.7.7\" \/>\n<input type=\"hidden\" name=\"_wpcf7_locale\" value=\"en_US\" \/>\n<input type=\"hidden\" name=\"_wpcf7_unit_tag\" value=\"wpcf7-f902-o1\" \/>\n<input type=\"hidden\" name=\"_wpcf7_container_post\" value=\"0\" \/>\n<input type=\"hidden\" name=\"_wpcf7_posted_data_hash\" value=\"\" \/>\n<\/div>\n<p><span class=\"wpcf7-form-control-wrap\" data-name=\"your-name\"><input size=\"40\" class=\"wpcf7-form-control wpcf7-text wpcf7-validates-as-required\" aria-required=\"true\" aria-invalid=\"false\" placeholder=\"Nazwisko\" value=\"\" type=\"text\" name=\"your-name\" \/><\/span>\n<\/p>\n<p><span class=\"wpcf7-form-control-wrap\" data-name=\"your-email\"><input size=\"40\" class=\"wpcf7-form-control wpcf7-text wpcf7-email wpcf7-validates-as-required wpcf7-validates-as-email\" aria-required=\"true\" aria-invalid=\"false\" placeholder=\"E-mail\" value=\"\" type=\"email\" name=\"your-email\" \/><\/span>\n<\/p>\n<p><span class=\"wpcf7-form-control-wrap\" data-name=\"your-subject\"><input size=\"40\" class=\"wpcf7-form-control wpcf7-text\" aria-invalid=\"false\" placeholder=\"Temat\" value=\"\" type=\"text\" name=\"your-subject\" \/><\/span>\n<\/p>\n<p><span class=\"wpcf7-form-control-wrap\" data-name=\"your-message\"><textarea cols=\"40\" rows=\"10\" class=\"wpcf7-form-control wpcf7-textarea\" aria-invalid=\"false\" placeholder=\"Wiadomo\u015b\u0107\" name=\"your-message\"><\/textarea><\/span>\n<\/p>\n<p><button class=\"btn btn-primary item_centered\" type=\"Zatwierd\u017a\">Wy\u015blij!<\/button>\n<\/p><div class=\"wpcf7-response-output\" aria-hidden=\"true\"><\/div>\n<\/form>\n<\/div>\n[\/vc_column][\/vc_row]","protected":false},"excerpt":{"rendered":"<p>[vc_row][vc_column width=&#8221;1\/3&#8243;][\/vc_column][vc_column width=&#8221;1\/3&#8243;][\/vc_column][vc_column width=&#8221;1\/3&#8243;][\/vc_column][vc_column][vc_column_text] Wizyt\u00f3wk\u0119 naszej willi mo\u017cna znale\u017a\u0107 na portalu noclegowym Meteor. [\/vc_column_text][\/vc_column][vc_column][vc_separator color=&#8221;custom&#8221;][\/vc_column][\/vc_row]<\/p>\n","protected":false},"author":1,"featured_media":1804,"parent":0,"menu_order":0,"comment_status":"closed","ping_status":"closed","template":"","meta":{"footnotes":""},"class_list":["post-16","page","type-page","status-publish","has-post-thumbnail","hentry"],"_links":{"self":[{"href":"https:\/\/villa.anser.pl\/index.php?rest_route=\/wp\/v2\/pages\/16","targetHints":{"allow":["GET"]}}],"collection":[{"href":"https:\/\/villa.anser.pl\/index.php?rest_route=\/wp\/v2\/pages"}],"about":[{"href":"https:\/\/villa.anser.pl\/index.php?rest_route=\/wp\/v2\/types\/page"}],"author":[{"embeddable":true,"href":"https:\/\/villa.anser.pl\/index.php?rest_route=\/wp\/v2\/users\/1"}],"replies":[{"embeddable":true,"href":"https:\/\/villa.anser.pl\/index.php?rest_route=%2Fwp%2Fv2%2Fcomments&post=16"}],"version-history":[{"count":15,"href":"https:\/\/villa.anser.pl\/index.php?rest_route=\/wp\/v2\/pages\/16\/revisions"}],"predecessor-version":[{"id":2209,"href":"https:\/\/villa.anser.pl\/index.php?rest_route=\/wp\/v2\/pages\/16\/revisions\/2209"}],"wp:featuredmedia":[{"embeddable":true,"href":"https:\/\/villa.anser.pl\/index.php?rest_route=\/wp\/v2\/media\/1804"}],"wp:attachment":[{"href":"https:\/\/villa.anser.pl\/index.php?rest_route=%2Fwp%2Fv2%2Fmedia&parent=16"}],"curies":[{"name":"wp","href":"https:\/\/api.w.org\/{rel}","templated":true}]}}