{"id":14,"date":"2018-03-27T08:10:37","date_gmt":"2018-03-27T08:10:37","guid":{"rendered":"https:\/\/plethorathemes.com\/hotel-xenia\/city-hotel\/?page_id=14"},"modified":"2021-08-18T19:51:43","modified_gmt":"2021-08-18T17:51:43","slug":"location-2","status":"publish","type":"page","link":"https:\/\/villa.anser.pl\/?page_id=14","title":{"rendered":"Lokalizacja"},"content":{"rendered":"[vc_row full_width=&#8221;stretch_row&#8221; color_set=&#8221;white_section&#8221; row_padding_bottom=&#8221;padding_bottom_1-4&#8243;][vc_column]<div class=\"heading_group_sc wpb_content_element subtitle_bottom   vc_custom_1629309100393  text-center\">\n\n\n    <h3 style=\"text-align: left;\"><span style=\"font-size: 16px;\">Park Zdrojowy w Po\u0142czynie-Zdroju<\/span><\/h3>\n<div class=\"entry-content clearfix\">\n<p style=\"text-align: left;\"><strong>W po\u0142udniowej cz\u0119\u015bci Po\u0142czyna-Zdroju znajduje si\u0119 jeden z najpi\u0119kniejszych park\u00f3w zdrojowych w Polsce. <\/strong><span id=\"more-294\"><\/span><\/p>\n<p style=\"text-align: left;\">Na 80 hektarach terenu rozpo\u015bciera si\u0119 zielony kompleks, z\u0142o\u017cony z drzew, krzew\u00f3w i dy-wan\u00f3w kwiatowych, poprzecinanych alejami i deptakami. Ca\u0142o\u015b\u0107 uzupe\u0142niaj\u0105 przedwojenne fontanny, amfiteatr i zabytkowa pijalnia w\u00f3d mineralnych \u201eJoasia\u201d. W granicach parku znajduje si\u0119 pi\u0119\u0107 sanatori\u00f3w, w kt\u00f3rych kontynuowane s\u0105 ponad 300-letnie po\u0142czy\u0144skie tradycje uzdrowiskowe.<\/p>\n<p style=\"text-align: left;\">Po\u0142czy\u0144ski Park Zdrojowy charakteryzuje si\u0119 wyra\u017anym podzia\u0142em na dwie cz\u0119\u015bci. Zaraz przy g\u0142\u00f3wnym wej\u015bciu (od strony ul. Zdrojowej) rozpoczyna si\u0119 cz\u0119\u015b\u0107 francuska, o uporz\u0105dkowanym, symetrycznym uk\u0142adzie zieleni. Jest to najstarszy i najch\u0119tniej odwiedzany fragment parku, za-projektowany w pierwszej po\u0142owie XIX wieku.<\/p>\n<p style=\"text-align: left;\">Druga cz\u0119\u015b\u0107 \u2013 angielska, za\u0142o\u017cona nieco p\u00f3\u017aniej od francuskiej, obejmuje znacznie wi\u0119kszy obszar parku, pocz\u0105wszy od sanatorium \u201ePodhale\u201d, poprzez pag\u00f3rkowate okolice staw\u00f3w: P\u00f3\u0142nocnego i Po\u0142udniowego, a\u017c do brzegu sztucznego zalewu, kt\u00f3ry powsta\u0142 przy sanatorium Borkowo po powodzi, jaka mia\u0142a miejsce w 1996 r. Drzewostan jest tu znacznie bardziej zwarty, przypominaj\u0105cy naturalne siedliska le\u015bne, a kwieciste kobierce ust\u0119puj\u0105 trawiastym polanom. O\u015b cz\u0119\u015bci angielskiej wyznacza wij\u0105ca si\u0119 pomi\u0119dzy oczkami wodnymi rzeka Wogra.<\/p>\n<p style=\"text-align: left;\">Pod wzgl\u0119dem mnogo\u015bci gatunk\u00f3w po\u0142czy\u0144ski park m\u00f3g\u0142by konkurowa\u0107 z niejednym ogrodem botanicznym. Obok rodzimych \u015bwierk\u00f3w, lip, buk\u00f3w i kasztanowc\u00f3w znajdziemy tu egzotyczne orzeszniki, jod\u0142\u0119 korea\u0144sk\u0105 czy sosn\u0119 Jeffreya o 30-centymetrowych ig\u0142ach. Przyziemne pi\u0119tra zajmuj\u0105 ro\u015bliny zielne, a tutejsze stawy zdobi\u0105 barwne odmiany nenufar\u00f3w.<\/p>\n<p style=\"text-align: left;\">\u0179r\u00f3d\u0142o:<br \/>\n<a href=\"http:\/\/www.ekomap.pl\/powiat-swidwinski-przewodnik-przyrodniczy\/\" target=\"_blank\" rel=\"noopener\">Powiat \u015bwidwi\u0144ski<br \/>\nprzewodnik przyrodniczy<\/a><br \/>\nWydawnictwo <a href=\"http:\/\/www.ekomap.pl\/\" target=\"_blank\" rel=\"noopener\">EKO-MAP<\/a> 2014<\/p>\n<p>&nbsp;<\/p>\n<\/div>\n\n\n        <span class=\"subtitle\"><\/span>\n\n<\/div>[vc_single_image image=&#8221;1789&#8243; img_size=&#8221;full&#8221;][\/vc_column][\/vc_row]","protected":false},"excerpt":{"rendered":"<p>[vc_row full_width=&#8221;stretch_row&#8221; color_set=&#8221;white_section&#8221; row_padding_bottom=&#8221;padding_bottom_1-4&#8243;][vc_column][vc_single_image image=&#8221;1789&#8243; img_size=&#8221;full&#8221;][\/vc_column][\/vc_row]<\/p>\n","protected":false},"author":1,"featured_media":1768,"parent":0,"menu_order":0,"comment_status":"closed","ping_status":"closed","template":"","meta":{"footnotes":""},"class_list":["post-14","page","type-page","status-publish","has-post-thumbnail","hentry"],"_links":{"self":[{"href":"https:\/\/villa.anser.pl\/index.php?rest_route=\/wp\/v2\/pages\/14","targetHints":{"allow":["GET"]}}],"collection":[{"href":"https:\/\/villa.anser.pl\/index.php?rest_route=\/wp\/v2\/pages"}],"about":[{"href":"https:\/\/villa.anser.pl\/index.php?rest_route=\/wp\/v2\/types\/page"}],"author":[{"embeddable":true,"href":"https:\/\/villa.anser.pl\/index.php?rest_route=\/wp\/v2\/users\/1"}],"replies":[{"embeddable":true,"href":"https:\/\/villa.anser.pl\/index.php?rest_route=%2Fwp%2Fv2%2Fcomments&post=14"}],"version-history":[{"count":20,"href":"https:\/\/villa.anser.pl\/index.php?rest_route=\/wp\/v2\/pages\/14\/revisions"}],"predecessor-version":[{"id":1807,"href":"https:\/\/villa.anser.pl\/index.php?rest_route=\/wp\/v2\/pages\/14\/revisions\/1807"}],"wp:featuredmedia":[{"embeddable":true,"href":"https:\/\/villa.anser.pl\/index.php?rest_route=\/wp\/v2\/media\/1768"}],"wp:attachment":[{"href":"https:\/\/villa.anser.pl\/index.php?rest_route=%2Fwp%2Fv2%2Fmedia&parent=14"}],"curies":[{"name":"wp","href":"https:\/\/api.w.org\/{rel}","templated":true}]}}